{"id":2,"date":"2020-05-08T21:35:16","date_gmt":"2020-05-08T19:35:16","guid":{"rendered":"http:\/\/www.almametal.com\/?page_id=2"},"modified":"2022-12-22T23:07:32","modified_gmt":"2022-12-22T22:07:32","slug":"page-d-exemple","status":"publish","type":"page","link":"https:\/\/www.almametal.com\/index.php\/page-d-exemple\/","title":{"rendered":"NOTRE ATELIER"},"content":{"rendered":"\n<p class=\"has-vivid-red-color has-text-color\">Cr\u00e9\u00e9 en 2021 suite au d\u00e9m\u00e9nagement d&rsquo;ALMA M\u00e9tal de Marseille, l&rsquo;atelier s&rsquo;installe dans les anciens locaux de la papeterie MOSCA \u00e0 Saint Etienne-Les-Orgues. <\/p>\n\n\n\n<figure class=\"wp-block-gallery has-nested-images columns-default is-cropped wp-block-gallery-1 is-layout-flex wp-block-gallery-is-layout-flex\">\n<figure class=\"wp-block-image size-large\"><img loading=\"lazy\" decoding=\"async\" width=\"1023\" height=\"460\" data-id=\"250\" src=\"https:\/\/www.almametal.com\/wp-content\/uploads\/2022\/12\/atelier-2.jpg\" alt=\"\" class=\"wp-image-250\" srcset=\"https:\/\/www.almametal.com\/wp-content\/uploads\/2022\/12\/atelier-2.jpg 1023w, https:\/\/www.almametal.com\/wp-content\/uploads\/2022\/12\/atelier-2-300x135.jpg 300w, https:\/\/www.almametal.com\/wp-content\/uploads\/2022\/12\/atelier-2-768x345.jpg 768w\" sizes=\"auto, (max-width: 1023px) 100vw, 1023px\" \/><\/figure>\n\n\n\n<figure class=\"wp-block-image size-large\"><img loading=\"lazy\" decoding=\"async\" width=\"1023\" height=\"460\" data-id=\"251\" src=\"https:\/\/www.almametal.com\/wp-content\/uploads\/2022\/12\/atelier-3.jpg\" alt=\"\" class=\"wp-image-251\" srcset=\"https:\/\/www.almametal.com\/wp-content\/uploads\/2022\/12\/atelier-3.jpg 1023w, https:\/\/www.almametal.com\/wp-content\/uploads\/2022\/12\/atelier-3-300x135.jpg 300w, https:\/\/www.almametal.com\/wp-content\/uploads\/2022\/12\/atelier-3-768x345.jpg 768w\" sizes=\"auto, (max-width: 1023px) 100vw, 1023px\" \/><\/figure>\n\n\n\n<figure class=\"wp-block-image size-large\"><img loading=\"lazy\" decoding=\"async\" width=\"1023\" height=\"460\" data-id=\"252\" src=\"https:\/\/www.almametal.com\/wp-content\/uploads\/2022\/12\/atelier-4.jpg\" alt=\"\" class=\"wp-image-252\" srcset=\"https:\/\/www.almametal.com\/wp-content\/uploads\/2022\/12\/atelier-4.jpg 1023w, https:\/\/www.almametal.com\/wp-content\/uploads\/2022\/12\/atelier-4-300x135.jpg 300w, https:\/\/www.almametal.com\/wp-content\/uploads\/2022\/12\/atelier-4-768x345.jpg 768w\" sizes=\"auto, (max-width: 1023px) 100vw, 1023px\" \/><\/figure>\n\n\n\n<figure class=\"wp-block-image size-large\"><img loading=\"lazy\" decoding=\"async\" width=\"1023\" height=\"460\" data-id=\"253\" src=\"https:\/\/www.almametal.com\/wp-content\/uploads\/2022\/12\/atelier1.jpg\" alt=\"\" class=\"wp-image-253\" srcset=\"https:\/\/www.almametal.com\/wp-content\/uploads\/2022\/12\/atelier1.jpg 1023w, https:\/\/www.almametal.com\/wp-content\/uploads\/2022\/12\/atelier1-300x135.jpg 300w, https:\/\/www.almametal.com\/wp-content\/uploads\/2022\/12\/atelier1-768x345.jpg 768w\" sizes=\"auto, (max-width: 1023px) 100vw, 1023px\" \/><\/figure>\n<\/figure>\n","protected":false},"excerpt":{"rendered":"<p>Cr\u00e9\u00e9 en 2021 suite au d\u00e9m\u00e9nagement d&rsquo;ALMA M\u00e9tal de Marseille, l&rsquo;atelier s&rsquo;installe dans les anciens locaux de la papeterie MOSCA \u00e0 Saint Etienne-Les-Orgues.<\/p>\n","protected":false},"author":3,"featured_media":0,"parent":0,"menu_order":0,"comment_status":"closed","ping_status":"closed","template":"","meta":{"footnotes":""},"class_list":["post-2","page","type-page","status-publish","hentry"],"aioseo_notices":[],"_links":{"self":[{"href":"https:\/\/www.almametal.com\/index.php\/wp-json\/wp\/v2\/pages\/2","targetHints":{"allow":["GET"]}}],"collection":[{"href":"https:\/\/www.almametal.com\/index.php\/wp-json\/wp\/v2\/pages"}],"about":[{"href":"https:\/\/www.almametal.com\/index.php\/wp-json\/wp\/v2\/types\/page"}],"author":[{"embeddable":true,"href":"https:\/\/www.almametal.com\/index.php\/wp-json\/wp\/v2\/users\/3"}],"replies":[{"embeddable":true,"href":"https:\/\/www.almametal.com\/index.php\/wp-json\/wp\/v2\/comments?post=2"}],"version-history":[{"count":6,"href":"https:\/\/www.almametal.com\/index.php\/wp-json\/wp\/v2\/pages\/2\/revisions"}],"predecessor-version":[{"id":260,"href":"https:\/\/www.almametal.com\/index.php\/wp-json\/wp\/v2\/pages\/2\/revisions\/260"}],"wp:attachment":[{"href":"https:\/\/www.almametal.com\/index.php\/wp-json\/wp\/v2\/media?parent=2"}],"curies":[{"name":"wp","href":"https:\/\/api.w.org\/{rel}","templated":true}]}}